{"id":17,"date":"2011-09-02T14:30:05","date_gmt":"2011-09-02T14:30:05","guid":{"rendered":"http:\/\/www.cishosting.net\/comefri\/?page_id=17"},"modified":"2019-12-02T18:12:31","modified_gmt":"2019-12-02T23:12:31","slug":"centrifugal_and_axial_fans-2","status":"publish","type":"page","link":"https:\/\/www.comefriusa.com\/es\/centrifugal_and_axial_fans-2\/","title":{"rendered":"Productos"},"content":{"rendered":"<table class=\" alignleft\" style=\"width: 44.4643%;\">\n<tbody>\n<tr>\n<td style=\"width: 100%;\"><strong><a href=\"https:\/\/www.comefriusa.com\/centrifugal_fans\/fan-zij-1\" rel=\"attachment wp-att-258\"><img loading=\"lazy\" decoding=\"async\" class=\"alignleft wp-image-258\" title=\"Centrifugal Fan - 40'' Direct Driven ANPA\" src=\"https:\/\/www.comefriusa.com\/wp-content\/uploads\/2011\/09\/fan-zij-1-335x250.jpg\" alt=\"Centrifugal Fan - 40'' Direct Driven ANPA\" width=\"310\" height=\"232\" srcset=\"https:\/\/www.comefriusa.com\/wp-content\/uploads\/2011\/09\/fan-zij-1-335x250.jpg 335w, https:\/\/www.comefriusa.com\/wp-content\/uploads\/2011\/09\/fan-zij-1-300x224.jpg 300w, https:\/\/www.comefriusa.com\/wp-content\/uploads\/2011\/09\/fan-zij-1-1024x766.jpg 1024w, https:\/\/www.comefriusa.com\/wp-content\/uploads\/2011\/09\/fan-zij-1-334x249.jpg 334w, https:\/\/www.comefriusa.com\/wp-content\/uploads\/2011\/09\/fan-zij-1.jpg 1304w\" sizes=\"auto, (max-width: 310px) 100vw, 310px\" \/><\/a><\/strong><\/td>\n<\/tr>\n<tr>\n<td style=\"width: 100%;\"><a href=\"https:\/\/www.comefriusa.com\/centrifugal_fans\/picture4\" rel=\"attachment wp-att-257\"><img loading=\"lazy\" decoding=\"async\" class=\"alignleft wp-image-257\" title=\"Cetrifugal Fan - Welding - ATZAF Wheel\" src=\"https:\/\/www.comefriusa.com\/wp-content\/uploads\/2011\/09\/Picture4-335x222.jpg\" alt=\"Cetrifugal Fan - Welding - ATZAF Wheel\" width=\"310\" height=\"206\" srcset=\"https:\/\/www.comefriusa.com\/wp-content\/uploads\/2011\/09\/Picture4-335x222.jpg 335w, https:\/\/www.comefriusa.com\/wp-content\/uploads\/2011\/09\/Picture4-300x199.jpg 300w, https:\/\/www.comefriusa.com\/wp-content\/uploads\/2011\/09\/Picture4-1024x680.jpg 1024w, https:\/\/www.comefriusa.com\/wp-content\/uploads\/2011\/09\/Picture4-334x222.jpg 334w, https:\/\/www.comefriusa.com\/wp-content\/uploads\/2011\/09\/Picture4.jpg 1354w\" sizes=\"auto, (max-width: 310px) 100vw, 310px\" \/><\/a><\/td>\n<\/tr>\n<tr>\n<td style=\"width: 100%;\"><img loading=\"lazy\" decoding=\"async\" class=\"alignleft wp-image-2823\" src=\"https:\/\/www.comefriusa.com\/wp-content\/uploads\/2017\/12\/Axial_fan_3blades_red-675x486.png\" alt=\"\" width=\"310\" height=\"223\" srcset=\"https:\/\/www.comefriusa.com\/wp-content\/uploads\/2017\/12\/Axial_fan_3blades_red-675x486.png 675w, https:\/\/www.comefriusa.com\/wp-content\/uploads\/2017\/12\/Axial_fan_3blades_red-335x241.png 335w, https:\/\/www.comefriusa.com\/wp-content\/uploads\/2017\/12\/Axial_fan_3blades_red-620x446.png 620w, https:\/\/www.comefriusa.com\/wp-content\/uploads\/2017\/12\/Axial_fan_3blades_red-195x140.png 195w, https:\/\/www.comefriusa.com\/wp-content\/uploads\/2017\/12\/Axial_fan_3blades_red.png 750w\" sizes=\"auto, (max-width: 310px) 100vw, 310px\" \/><\/td>\n<\/tr>\n<tr>\n<td style=\"width: 317px;\"><img loading=\"lazy\" decoding=\"async\" class=\"wp-image-259 alignnone\" src=\"https:\/\/www.comefriusa.com\/wp-content\/uploads\/2011\/09\/IMG_0825-1024x764.jpg\" alt=\"Array of Direct Driven ATE\" width=\"310\" height=\"232\" srcset=\"https:\/\/www.comefriusa.com\/wp-content\/uploads\/2011\/09\/IMG_0825-1024x764.jpg 1024w, https:\/\/www.comefriusa.com\/wp-content\/uploads\/2011\/09\/IMG_0825-300x224.jpg 300w, https:\/\/www.comefriusa.com\/wp-content\/uploads\/2011\/09\/IMG_0825-335x250.jpg 335w, https:\/\/www.comefriusa.com\/wp-content\/uploads\/2011\/09\/IMG_0825-334x249.jpg 334w\" sizes=\"auto, (max-width: 310px) 100vw, 310px\" \/><\/td>\n<\/tr>\n<tr>\n<td style=\"width: 323px;\"><img loading=\"lazy\" decoding=\"async\" class=\"wp-image-263 alignnone\" src=\"https:\/\/www.comefriusa.com\/wp-content\/uploads\/2011\/09\/BCE-Heavy-Duty-675x557.jpg\" alt=\"BCE Heavy Duty\" width=\"310\" height=\"256\" srcset=\"https:\/\/www.comefriusa.com\/wp-content\/uploads\/2011\/09\/BCE-Heavy-Duty-675x557.jpg 675w, https:\/\/www.comefriusa.com\/wp-content\/uploads\/2011\/09\/BCE-Heavy-Duty-300x247.jpg 300w, https:\/\/www.comefriusa.com\/wp-content\/uploads\/2011\/09\/BCE-Heavy-Duty-335x276.jpg 335w, https:\/\/www.comefriusa.com\/wp-content\/uploads\/2011\/09\/BCE-Heavy-Duty-334x275.jpg 334w, https:\/\/www.comefriusa.com\/wp-content\/uploads\/2011\/09\/BCE-Heavy-Duty.jpg 758w\" sizes=\"auto, (max-width: 310px) 100vw, 310px\" \/><\/td>\n<\/tr>\n<\/tbody>\n<\/table>\n<p><strong><a title=\"HVAC Fans\" href=\"https:\/\/www.comefriusa.com\/products\/hvac-fans\">Productos centr\u00edfugos de sistema de climatizaci\u00f3n<\/a><\/strong><\/p>\n<p><strong><a title=\"Industrial Process Fans\" href=\"https:\/\/www.comefriusa.com\/products\/industrial-process-fans\">Linea de productos centr\u00edfugos Industriales<\/a><\/strong><\/p>\n<p><em><strong><a href=\"https:\/\/www.comefriusa.com\/centrifugal_and_axial_fans\/axial-fans\/\">Axial fans product line<\/a><\/strong><\/em> <em>(Translation in progress)<\/em><\/p>\n<p style=\"text-align: justify;\"><strong>Ofrecemos una extensa l\u00ednea de ventiladores centr\u00edfugos para lograr proveer flexibilidad, excelente funcionamiento y eficiencia de costos para nuestros clientes.<\/strong><br \/>\nNuestros ventiladores centr\u00edfugos con carcasa pueden ser montados en <strong>cualquier posici\u00f3n de descarga<\/strong>; su carcasa estandarizada permite a los fabricantes de unidades <strong>diversificar las unidades de funcionamiento cambiando <\/strong><strong>simplemente el ventilador interno.<br \/>\n<\/strong><\/p>\n<p style=\"text-align: justify;\">En la<strong> linea de productos industriales<\/strong>, ofrecemos ventiladores para <strong>trabajos pesados y medianos<\/strong>; ya que creemos que al ofrecer un nivel de rendimiento que se adecue a las necesidades del cliente es el primer paso para alcanzar la eficiencia de costos. Todos nuestros modelos son <strong>completamente personalizados<\/strong> para cumplir las necesidades individuales: Nuestros ingenieros R&amp;D se encuentran siempre listos para asistir a nuestros clientes a alcanzar la mejor aplicaci\u00f3n posible.<\/p>\n<p style=\"text-align: justify;\"><em>Comefri USA recent development of an<strong> axial fans product line<\/strong> offers a newly designed blade profile to achieve higher static pressures, reduce tip speeds, and lower noise levels.<\/em><br \/>\n<em> Typical applications for these products are:<\/em><\/p>\n<p style=\"padding-left: 360px;\"><em>Marine &amp; Offshore<\/em><br \/>\n<em> Radiator and diesel motors<\/em><br \/>\n<em> Power generation plants<\/em><br \/>\n<em> Cement plants<\/em><br \/>\n<em> Industrial process<\/em><br \/>\n<em> Tunnel ventilation<\/em><br \/>\n<em> Factory assembled cooling towers<\/em><br \/>\n<em> Field erected cooling towers<\/em><br \/>\n<em> Evaporative condensers<\/em><br \/>\n<em> Closed circuit cooling towers<\/em><br \/>\n<em> Air cooled heat exchangers<\/em><\/p>\n<div class=\"su-divider su-divider-style-default\" style=\"margin:15px 0;border-width:3px;border-color:#999999\"><\/div>\n<div class=\"su-note\"  style=\"border-color:#bfe3b1;border-radius:3px;-moz-border-radius:3px;-webkit-border-radius:3px;\"><div class=\"su-note-inner su-u-clearfix su-u-trim\" style=\"background-color:#d9fdcb;border-color:#ffffff;color:#244e34;border-radius:3px;-moz-border-radius:3px;-webkit-border-radius:3px;\">\n<p style=\"text-align: justify;\">Advertimos a todos nuestros asociados que el uso de la marca comercial y\/o marca Comefri se considera autorizado y licito solamente si se refiere a los productos fabricados por una de nuestras fabricas, que son exclusivamente las seguientes:<br \/>\n<strong>Comefri Italy \u2013 Comefri Gmbh \u2013 Comefri UK Ltd \u2013 Comefri France \u2013 Comefri USA \u2013 Comefri China \u2013 Comefri Fan Systemleri (Turkey)<\/strong><br \/>\nPor favor verifiquen todos los productos etiquetados \u201cComefri\u201d a su disposicion y contactenos cuando encuentren productos que no sean fabricados por una de las fabricas antes mencionadas.<\/p>\n<\/div><\/div>","protected":false},"excerpt":{"rendered":"<p>Productos centr\u00edfugos de sistema de climatizaci\u00f3n Linea de productos centr\u00edfugos Industriales Axial fans product line (Translation in progress) Ofrecemos una extensa l\u00ednea de ventiladores centr\u00edfugos para lograr proveer flexibilidad, excelente funcionamiento y eficiencia de costos para nuestros clientes. Nuestros ventiladores centr\u00edfugos con carcasa pueden ser montados en cualquier posici\u00f3n de descarga; su carcasa estandarizada permite [&hellip;]<\/p>\n","protected":false},"author":415,"featured_media":0,"parent":0,"menu_order":0,"comment_status":"closed","ping_status":"closed","template":"","meta":{"_exactmetrics_skip_tracking":false,"_exactmetrics_sitenote_active":false,"_exactmetrics_sitenote_note":"","_exactmetrics_sitenote_category":0,"footnotes":""},"class_list":["post-17","page","type-page","status-publish","hentry"],"_links":{"self":[{"href":"https:\/\/www.comefriusa.com\/es\/wp-json\/wp\/v2\/pages\/17","targetHints":{"allow":["GET"]}}],"collection":[{"href":"https:\/\/www.comefriusa.com\/es\/wp-json\/wp\/v2\/pages"}],"about":[{"href":"https:\/\/www.comefriusa.com\/es\/wp-json\/wp\/v2\/types\/page"}],"author":[{"embeddable":true,"href":"https:\/\/www.comefriusa.com\/es\/wp-json\/wp\/v2\/users\/415"}],"replies":[{"embeddable":true,"href":"https:\/\/www.comefriusa.com\/es\/wp-json\/wp\/v2\/comments?post=17"}],"version-history":[{"count":92,"href":"https:\/\/www.comefriusa.com\/es\/wp-json\/wp\/v2\/pages\/17\/revisions"}],"predecessor-version":[{"id":3687,"href":"https:\/\/www.comefriusa.com\/es\/wp-json\/wp\/v2\/pages\/17\/revisions\/3687"}],"wp:attachment":[{"href":"https:\/\/www.comefriusa.com\/es\/wp-json\/wp\/v2\/media?parent=17"}],"curies":[{"name":"wp","href":"https:\/\/api.w.org\/{rel}","templated":true}]}}