{"id":3320,"date":"2012-01-22T23:56:50","date_gmt":"2012-01-22T23:56:50","guid":{"rendered":"https:\/\/www.comefriusa.com\/unauthorized"},"modified":"2020-01-22T16:38:57","modified_gmt":"2020-01-22T21:38:57","slug":"unauthorized-2","status":"publish","type":"page","link":"https:\/\/www.comefriusa.com\/es\/unauthorized-2\/","title":{"rendered":"Unauthorized"},"content":{"rendered":"Lo sentimos, antes de acceder a este contenido, deber\u00e1 <a href=\"https:\/\/www.comefriusa.com\/es\/intl-com-809\/\">iniciar sesi\u00f3n con su nombre de usuario y contrase\u00f1a<\/a>. Si necesita un nombre de usuario y una contrase\u00f1a, puede <a href=\"https:\/\/www.comefriusa.com\/es\/intl-com-809\/?action=register\">registrarse aqu\u00ed<\/a>, y se los enviaremos por correo electr\u00f3nico una vez aprobados.","protected":false},"excerpt":{"rendered":"<p>Lo sentimos, antes de acceder a este contenido, deber\u00e1 iniciar sesi\u00f3n con su nombre de usuario y contrase\u00f1a. Si necesita un nombre de usuario y una contrase\u00f1a, puede registrarse aqu\u00ed, y se los enviaremos por correo electr\u00f3nico una vez aprobados.<\/p>\n","protected":false},"author":415,"featured_media":0,"parent":0,"menu_order":0,"comment_status":"closed","ping_status":"closed","template":"","meta":{"_exactmetrics_skip_tracking":false,"_exactmetrics_sitenote_active":false,"_exactmetrics_sitenote_note":"","_exactmetrics_sitenote_category":0,"footnotes":""},"class_list":["post-3320","page","type-page","status-publish","hentry"],"_links":{"self":[{"href":"https:\/\/www.comefriusa.com\/es\/wp-json\/wp\/v2\/pages\/3320","targetHints":{"allow":["GET"]}}],"collection":[{"href":"https:\/\/www.comefriusa.com\/es\/wp-json\/wp\/v2\/pages"}],"about":[{"href":"https:\/\/www.comefriusa.com\/es\/wp-json\/wp\/v2\/types\/page"}],"author":[{"embeddable":true,"href":"https:\/\/www.comefriusa.com\/es\/wp-json\/wp\/v2\/users\/415"}],"replies":[{"embeddable":true,"href":"https:\/\/www.comefriusa.com\/es\/wp-json\/wp\/v2\/comments?post=3320"}],"version-history":[{"count":3,"href":"https:\/\/www.comefriusa.com\/es\/wp-json\/wp\/v2\/pages\/3320\/revisions"}],"predecessor-version":[{"id":3704,"href":"https:\/\/www.comefriusa.com\/es\/wp-json\/wp\/v2\/pages\/3320\/revisions\/3704"}],"wp:attachment":[{"href":"https:\/\/www.comefriusa.com\/es\/wp-json\/wp\/v2\/media?parent=3320"}],"curies":[{"name":"wp","href":"https:\/\/api.w.org\/{rel}","templated":true}]}}