{"id":3321,"date":"2012-02-14T22:15:13","date_gmt":"2012-02-14T22:15:13","guid":{"rendered":"https:\/\/www.comefriusa.com\/service\/lab-testing-2"},"modified":"2025-03-28T12:33:11","modified_gmt":"2025-03-28T17:33:11","slug":"fan-selection-applications","status":"publish","type":"page","link":"https:\/\/www.comefriusa.com\/es\/service\/fan-selection-applications\/","title":{"rendered":"Programas de selecci\u00f3n para ventiladores"},"content":{"rendered":"<div>\n<p><img loading=\"lazy\" decoding=\"async\" class=\"alignleft wp-image-2409 size-medium\" src=\"https:\/\/www.comefriusa.com\/wp-content\/uploads\/2016\/03\/A4logo-335x264.png\" alt=\"A4logo\" width=\"335\" height=\"264\" srcset=\"https:\/\/www.comefriusa.com\/wp-content\/uploads\/2016\/03\/A4logo-335x264.png 335w, https:\/\/www.comefriusa.com\/wp-content\/uploads\/2016\/03\/A4logo-330x261.png 330w, https:\/\/www.comefriusa.com\/wp-content\/uploads\/2016\/03\/A4logo.png 570w\" sizes=\"auto, (max-width: 335px) 100vw, 335px\" \/><\/p>\n<div>\n<p><img loading=\"lazy\" decoding=\"async\" class=\"alignleft wp-image-2410 size-medium\" src=\"https:\/\/www.comefriusa.com\/wp-content\/uploads\/2016\/03\/Aeolus4_NoSfondo-335x164.png\" alt=\"Aeolus4 screenshots\" width=\"335\" height=\"164\" srcset=\"https:\/\/www.comefriusa.com\/wp-content\/uploads\/2016\/03\/Aeolus4_NoSfondo-335x164.png 335w, https:\/\/www.comefriusa.com\/wp-content\/uploads\/2016\/03\/Aeolus4_NoSfondo-330x162.png 330w, https:\/\/www.comefriusa.com\/wp-content\/uploads\/2016\/03\/Aeolus4_NoSfondo.png 414w\" sizes=\"auto, (max-width: 335px) 100vw, 335px\" \/><\/p>\n<p style=\"text-align: justify;\"><span style=\"font-size: medium;\"><strong>Aeolus4<\/strong><\/span> es el nuevo programa de selecci\u00f3n para ventiladores centr\u00edfugos que hemos desarrollado especialmente para nuestros Clientes.<br \/>\nEste software permite obtener una gran cantidad de informaci\u00f3n, tales como curvas del ventilador, funciones de rangos del ventilador y condiciones de aplicaci\u00f3n. Adem\u00e1s Aeolus es un programa f\u00e1cil de usar para la calculaci\u00f3n, selecci\u00f3n y configuraci\u00f3n del ventilador m\u00e1s apropiado de acuerdo a las Aeolus4 Screenshotsnecesidades de los clientes.<br \/>\nCon Aeolus4 los clientes pueden seleccionar una amplia gama de ventiladores centrifugos de Comefri de acuerdo con la informaci\u00f3n t\u00e9cnica ingresada. El programa puede almacenar datos del proyecto como condiciones de trabajo, selecci\u00f3n, configuraci\u00f3n, y an\u00e1lisis de la transmisi\u00f3n\u2026. El cliente tambi\u00e9n puede calcular para cada condici\u00f3n de trabajo los ventiladores m\u00e1s adecuados de una o m\u00e1s serie (ATZAF, ATZAF FF, ATLI \u2026.).<br \/>\nUna amplia gama de impresi\u00f3n permite al cliente obtener y utilizar un alto nivel de informaci\u00f3n relacionada con el ventilador seleccionado (ficha t\u00e9cnica, informe de gr\u00e1fico, informe de an\u00e1lisis de la transmisi\u00f3n e informe detallado de formularios de oferta).<\/p>\n<p><span style=\"font-size: medium;\"><img loading=\"lazy\" decoding=\"async\" class=\"alignleft wp-image-3179 size-medium\" src=\"https:\/\/www.comefriusa.com\/wp-content\/uploads\/2019\/04\/selfan-335x237.jpg\" alt=\"Selfan screenshots\" width=\"335\" height=\"237\" srcset=\"https:\/\/www.comefriusa.com\/wp-content\/uploads\/2019\/04\/selfan-335x237.jpg 335w, https:\/\/www.comefriusa.com\/wp-content\/uploads\/2019\/04\/selfan-768x542.jpg 768w, https:\/\/www.comefriusa.com\/wp-content\/uploads\/2019\/04\/selfan-675x477.jpg 675w, https:\/\/www.comefriusa.com\/wp-content\/uploads\/2019\/04\/selfan-620x438.jpg 620w, https:\/\/www.comefriusa.com\/wp-content\/uploads\/2019\/04\/selfan-195x138.jpg 195w, https:\/\/www.comefriusa.com\/wp-content\/uploads\/2019\/04\/selfan.jpg 773w\" sizes=\"auto, (max-width: 335px) 100vw, 335px\" \/> <\/span><\/p>\n<\/div>\n<div>\n<div>\n<p style=\"text-align: justify;\"><span style=\"font-size: medium;\"><strong>Selfan<\/strong><\/span> es el nuevo programa de selecci\u00f3n de Comefri para ventiladores axiales. Permite la selecci\u00f3n de impulsores para ejecuci\u00f3n est\u00e1ndar, veleta axial y contrarrotaci\u00f3n. El ventilador se puede elegir entre las opciones de di\u00e1metro \/ rpm propuestas por el software. Los datos t\u00e9cnicos, las curvas de trabajo, la curva de torque, el diagrama de Campbell y el espectro de ruido est\u00e1n disponibles y pueden imprimirse para todas las opciones propuestas.<\/p>\n<\/div>\n<div>\n<p style=\"text-align: justify;\"><span style=\"font-size: medium;\"><strong>BlackBox<\/strong><\/span>\u00a0(32 bit) es el motor de calculaci\u00f3n de ventiladores centr\u00edfugos Comefri. Incluye una biblioteca dll y archivos de datos XML.<br \/>\naeobb32.dll es una biblioteca de funciones (desarrollado con Visual C + +), escrito para los programadores que desean hacer aplicaciones para el c\u00e1lculo de las unidades de tratamiento de aire utilizando una amplia gama de ventiladores COMEFRI. El DLL puede ser utilizada desde C, Visual Basic u otro idioma; El aeobb32.dll acceso a los datos almacenados en archivos XML.<br \/>\nPara utilizar aeobb32.dll se requiere Microsoft MsAdo versi\u00f3n 2.6 o superior.<br \/>\nEl n\u00facleo de la aplicaci\u00f3n es una biblioteca de funciones que permite:<br \/>\nCalcular los ventiladores para una familia de ventiladores: la funci\u00f3n se encarga de buscar el ventilador m\u00e1s adecuado de acuerdo con los datos ingresados: volumen, presi\u00f3n, temperatura, altitud, densidad, presi\u00f3n y tipos de abertura de salida. La funci\u00f3n calcula: est\u00e1tica y rendimiento total, est\u00e1tica y presi\u00f3n total, la energ\u00eda del punto de trabajo y la potencia de ruido<br \/>\nObt\u00e9n la configuraci\u00f3n del ventilador: la funci\u00f3n extrae la lista de accesorios disponibles<br \/>\nDatos dimensionales del ventilador: la funci\u00f3n extrae todos los datos de la dimensi\u00f3n.<\/p>\n<p><b>Aeolus4, Selfan y BlackBox est\u00e1n disponibles gratuitamente para los clientes.<\/b><b>\u00a0Descarga las instrucciones de estos en la p\u00e1gina <strong><a href=\"https:\/\/www.comefriusa.com\/downloads#bottom\">\u00abDownloads\u00bb<\/a>.<\/strong><\/b><\/p>\n<\/div>\n<\/div>\n<\/div>\n<div class=\"su-divider su-divider-style-default\" style=\"margin:15px 0;border-width:3px;border-color:#999999\"><\/div>\n<div class=\"su-note\"  style=\"border-color:#bfe3b1;border-radius:3px;-moz-border-radius:3px;-webkit-border-radius:3px;\"><div class=\"su-note-inner su-u-clearfix su-u-trim\" style=\"background-color:#d9fdcb;border-color:#ffffff;color:#244e34;border-radius:3px;-moz-border-radius:3px;-webkit-border-radius:3px;\">\n<p style=\"text-align: justify;\">Advertimos a todos nuestros asociados que el uso de la marca comercial y\/o marca Comefri se considera autorizado y licito solamente si se refiere a los productos fabricados por una de nuestras fabricas, que son exclusivamente las seguientes:<br \/>\n<strong>Comefri Italy \u2013 Comefri Gmbh \u2013 Comefri UK Ltd \u2013 Comefri France \u2013 Comefri USA \u2013 Comefri China \u2013 Comefri Fan Systemleri (Turkey)<\/strong><br \/>\nPor favor verifiquen todos los productos etiquetados \u201cComefri\u201d a su disposicion y contactenos cuando encuentren productos que no sean fabricados por una de las fabricas antes mencionadas.<\/p>\n<\/div><\/div>","protected":false},"excerpt":{"rendered":"<p>Aeolus4 es el nuevo programa de selecci\u00f3n para ventiladores centr\u00edfugos que hemos desarrollado especialmente para nuestros Clientes. Este software permite obtener una gran cantidad de informaci\u00f3n, tales como curvas del ventilador, funciones de rangos del ventilador y condiciones de aplicaci\u00f3n. Adem\u00e1s Aeolus es un programa f\u00e1cil de usar para la calculaci\u00f3n, selecci\u00f3n y configuraci\u00f3n del [&hellip;]<\/p>\n","protected":false},"author":415,"featured_media":0,"parent":42,"menu_order":0,"comment_status":"closed","ping_status":"closed","template":"","meta":{"_exactmetrics_skip_tracking":false,"_exactmetrics_sitenote_active":false,"_exactmetrics_sitenote_note":"","_exactmetrics_sitenote_category":0,"footnotes":""},"class_list":["post-3321","page","type-page","status-publish","hentry"],"_links":{"self":[{"href":"https:\/\/www.comefriusa.com\/es\/wp-json\/wp\/v2\/pages\/3321","targetHints":{"allow":["GET"]}}],"collection":[{"href":"https:\/\/www.comefriusa.com\/es\/wp-json\/wp\/v2\/pages"}],"about":[{"href":"https:\/\/www.comefriusa.com\/es\/wp-json\/wp\/v2\/types\/page"}],"author":[{"embeddable":true,"href":"https:\/\/www.comefriusa.com\/es\/wp-json\/wp\/v2\/users\/415"}],"replies":[{"embeddable":true,"href":"https:\/\/www.comefriusa.com\/es\/wp-json\/wp\/v2\/comments?post=3321"}],"version-history":[{"count":16,"href":"https:\/\/www.comefriusa.com\/es\/wp-json\/wp\/v2\/pages\/3321\/revisions"}],"predecessor-version":[{"id":4084,"href":"https:\/\/www.comefriusa.com\/es\/wp-json\/wp\/v2\/pages\/3321\/revisions\/4084"}],"up":[{"embeddable":true,"href":"https:\/\/www.comefriusa.com\/es\/wp-json\/wp\/v2\/pages\/42"}],"wp:attachment":[{"href":"https:\/\/www.comefriusa.com\/es\/wp-json\/wp\/v2\/media?parent=3321"}],"curies":[{"name":"wp","href":"https:\/\/api.w.org\/{rel}","templated":true}]}}