{"id":362,"date":"2011-11-09T19:25:31","date_gmt":"2011-11-09T19:25:31","guid":{"rendered":"http:\/\/www.cishosting.net\/comefri\/products\/hvac-fans\/nap"},"modified":"2021-01-22T17:32:45","modified_gmt":"2021-01-22T22:32:45","slug":"nap_plenum_fan","status":"publish","type":"page","link":"https:\/\/www.comefriusa.com\/es\/centrifugal_and_axial_fans-2\/hvac-fans\/nap_plenum_fan\/","title":{"rendered":"NAPAF \/ NAPBC"},"content":{"rendered":"<img loading=\"lazy\" decoding=\"async\" class=\"alignnone size-full wp-image-3404\" src=\"https:\/\/www.comefriusa.com\/wp-content\/uploads\/2019\/10\/logo300.jpg\" alt=\"\" width=\"300\" height=\"73\" \/><\/p>\n<table style=\"width: 690px; font-family: Arial,Helvetica,sans-serif; font-size: 12px; text-align: right; font-weight: bold;\" border=\"0\" cellspacing=\"0\" cellpadding=\"0\" align=\"left\">\n<tbody>\n<tr>\n<td style=\"width: 360px; font-family: Arial,Helvetica,sans-serif;\" colspan=\"3\" align=\"left\" valign=\"top\"><img loading=\"lazy\" decoding=\"async\" class=\"alignleft size-full wp-image-139\" title=\"Centrifugal Fan - NAPAF\" src=\"https:\/\/www.comefriusa.com\/wp-content\/uploads\/2011\/09\/NAPAF.png\" alt=\"Centrifugal Fan - NAPAF\" width=\"360\" height=\"380\" srcset=\"https:\/\/www.comefriusa.com\/wp-content\/uploads\/2011\/09\/NAPAF.png 360w, https:\/\/www.comefriusa.com\/wp-content\/uploads\/2011\/09\/NAPAF-284x300.png 284w, https:\/\/www.comefriusa.com\/wp-content\/uploads\/2011\/09\/NAPAF-335x353.png 335w, https:\/\/www.comefriusa.com\/wp-content\/uploads\/2011\/09\/NAPAF-334x352.png 334w\" sizes=\"auto, (max-width: 360px) 100vw, 360px\" \/><\/td>\n<td style=\"font-family: Arial,Helvetica,sans-serif; text-align: justify;\" align=\"left\" valign=\"top\" width=\"340\">\n<h3>NAPAF\u00a0\/\u00a0NAPBC\u00a0(Abanico propulsor de un solo ancho y una sola entrada)<\/h3>\n<p style=\"font-size: 14px;\"><strong>Caracter\u00edsticas:<\/strong><\/p>\n<ul>\n<li>Impulsor de acero\u00a0continuamente\u00a0soldado y pintado\u00a0con\u00a010 cuchillas\u00a0Airfoil\u00a0(NAPAF, tama\u00f1o\u00a012\u00bb\u00a0a 63\u00bb)\u00a0o curvas hacia atr\u00e1s\u00a0(NAPBC, los tama\u00f1os de\u00a010\u00bb y 11\u00bb).<\/li>\n<li>Nuevo\u00a0dise\u00f1o de propulsor con difusor\u00a0giratorio\u00a0en todos\u00a0los\u00a0tama\u00f1os.<\/li>\n<li>Rotor con coraza balanceada est\u00e1tica y din\u00e1micamente a 2,5 G<\/li>\n<li>Estructuras de acero\u00a0soldada\u00a0y pintada\u00a0de alto calibre.<\/li>\n<li>Conos\u00a0de entrada\u00a0galvanizado\u00a0o pintado\u00a0dise\u00f1adas para\u00a0el flujo de aire \u00f3ptimo\u00a0a trav\u00e9s del impulsor<\/li>\n<li>Rotaci\u00f3n en sentido y en contra del reloj.<\/li>\n<\/ul>\n<p style=\"font-size: 14px;\"><strong>Beneficios:<\/strong><\/p>\n<ul>\n<li>Adecuado para\u00a0aplicaciones de hasta\u00a012,5\u00bb\u00a0GT\u00a0SP\u00a0y vol\u00famenes\u00a0de\u00a0120,000\u00a0CFM.<\/li>\n<li>El nuevo dise\u00f1o\u00a0de difusor giratorio disminuye\u00a0el flujo de aire\u00a0y permite\u00a0una recuperaci\u00f3n de presi\u00f3n est\u00e1tica.<\/li>\n<li>Campo\u00a0de trabajo\u00a0operativo bastante amplio con\u00a0alta eficiencia\u00a0y\u00a0bajas emisiones\u00a0de ruido.<\/li>\n<li>Clase II\u00a0disponible en\u00a0todos los tama\u00f1os.<\/li>\n<\/ul>\n<p style=\"font-size: 14px;\"><strong>Descargas:<\/strong><\/p>\n<ul>\n<li><a title=\"Click to download BrochureNAPAF-BC_C-0062_04-11\" href=\"https:\/\/www.comefriusa.com\/wp-content\/uploads\/public\/BrochureNAPAF-BC_C-0062_04-11.pdf\" target=\"_blank\" rel=\"noopener noreferrer\">Folleto<\/a><\/li>\n<li><a href=\"https:\/\/www.comefriusa.com\/wp-content\/uploads\/public\/Comefri-USA-Instruction-Manual-Nov-4-2013.pdf\">Manual de Uso y Mantenimiento<\/a><\/li>\n<li><a title=\"Click to download NAPAF-BC_C-0062_04-11\" href=\"https:\/\/www.comefriusa.com\/wp-content\/uploads\/protected\/NAPAF-BC_C-0062_04-11.pdf\" target=\"_blank\" rel=\"noopener noreferrer\">Catalogo<\/a> (Acceso Requerido)<\/li>\n<\/ul>\n<\/td>\n<\/tr>\n<tr>\n<td style=\"color: #ffffff; font-size: 14px;\" colspan=\"4\" align=\"center\" valign=\"middle\" bgcolor=\"#999999\" height=\"25\"><a class=\"home\" href=\"\/\" target=\"_parent\" rel=\"noopener noreferrer\"><span style=\"text-decoration: underline;\">INICIO<\/span><\/a><\/td>\n<\/tr>\n<\/tbody>\n<\/table>","protected":false},"excerpt":{"rendered":"<p>NAPAF\u00a0\/\u00a0NAPBC\u00a0(Abanico propulsor de un solo ancho y una sola entrada) Caracter\u00edsticas: Impulsor de acero\u00a0continuamente\u00a0soldado y pintado\u00a0con\u00a010 cuchillas\u00a0Airfoil\u00a0(NAPAF, tama\u00f1o\u00a012\u00bb\u00a0a 63\u00bb)\u00a0o curvas hacia atr\u00e1s\u00a0(NAPBC, los tama\u00f1os de\u00a010\u00bb y 11\u00bb). Nuevo\u00a0dise\u00f1o de propulsor con difusor\u00a0giratorio\u00a0en todos\u00a0los\u00a0tama\u00f1os. Rotor con coraza balanceada est\u00e1tica y din\u00e1micamente a 2,5 G Estructuras de acero\u00a0soldada\u00a0y pintada\u00a0de alto calibre. Conos\u00a0de entrada\u00a0galvanizado\u00a0o pintado\u00a0dise\u00f1adas para\u00a0el flujo de [&hellip;]<\/p>\n","protected":false},"author":415,"featured_media":0,"parent":5,"menu_order":1,"comment_status":"closed","ping_status":"closed","template":"","meta":{"_exactmetrics_skip_tracking":false,"_exactmetrics_sitenote_active":false,"_exactmetrics_sitenote_note":"","_exactmetrics_sitenote_category":0,"footnotes":""},"class_list":["post-362","page","type-page","status-publish","hentry"],"_links":{"self":[{"href":"https:\/\/www.comefriusa.com\/es\/wp-json\/wp\/v2\/pages\/362","targetHints":{"allow":["GET"]}}],"collection":[{"href":"https:\/\/www.comefriusa.com\/es\/wp-json\/wp\/v2\/pages"}],"about":[{"href":"https:\/\/www.comefriusa.com\/es\/wp-json\/wp\/v2\/types\/page"}],"author":[{"embeddable":true,"href":"https:\/\/www.comefriusa.com\/es\/wp-json\/wp\/v2\/users\/415"}],"replies":[{"embeddable":true,"href":"https:\/\/www.comefriusa.com\/es\/wp-json\/wp\/v2\/comments?post=362"}],"version-history":[{"count":25,"href":"https:\/\/www.comefriusa.com\/es\/wp-json\/wp\/v2\/pages\/362\/revisions"}],"predecessor-version":[{"id":3783,"href":"https:\/\/www.comefriusa.com\/es\/wp-json\/wp\/v2\/pages\/362\/revisions\/3783"}],"up":[{"embeddable":true,"href":"https:\/\/www.comefriusa.com\/es\/wp-json\/wp\/v2\/pages\/5"}],"wp:attachment":[{"href":"https:\/\/www.comefriusa.com\/es\/wp-json\/wp\/v2\/media?parent=362"}],"curies":[{"name":"wp","href":"https:\/\/api.w.org\/{rel}","templated":true}]}}