{"id":42,"date":"2011-09-02T17:21:50","date_gmt":"2011-09-02T17:21:50","guid":{"rendered":"http:\/\/www.cishosting.net\/comefri\/?page_id=42"},"modified":"2019-11-26T12:29:01","modified_gmt":"2019-11-26T17:29:01","slug":"service","status":"publish","type":"page","link":"https:\/\/www.comefriusa.com\/es\/service\/","title":{"rendered":"Servicios"},"content":{"rendered":"<table border=\"0\" cellspacing=\"4\" cellpadding=\"10\">\n<tbody>\n<tr>\n<td><a href=\"https:\/\/www.comefriusa.com\/service\/partner_square_330\" rel=\"attachment wp-att-324\"><img loading=\"lazy\" decoding=\"async\" class=\"size-full wp-image-324 alignleft\" style=\"border: 0pt none; margin-left: 8px; margin-right: 8px;\" title=\"Centrifugal Fans - Services\" src=\"..\/wp-content\/uploads\/2011\/09\/Partner_square_330.png\" alt=\"Centrifugal Fans - Services\" width=\"330\" height=\"330\" srcset=\"https:\/\/www.comefriusa.com\/wp-content\/uploads\/2011\/09\/Partner_square_330.png 330w, https:\/\/www.comefriusa.com\/wp-content\/uploads\/2011\/09\/Partner_square_330-150x150.png 150w\" sizes=\"auto, (max-width: 330px) 100vw, 330px\" \/><\/a><\/td>\n<td valign=\"top\">\n<p style=\"padding-left: 30px; text-align: justify;\">Adem\u00e1s de la confiabilidad, eficiencia y flexibilidad de nuestros productos podemos asociarnos con nuestros clientes desde el dise\u00f1o de la aplicaci\u00f3n hasta la gesti\u00f3n log\u00edstica de la entrega.<\/p>\n<p style=\"padding-left: 30px; text-align: justify;\">Ofrecemos a nuestros clientes:<\/p>\n<ul>\n<li style=\"list-style-type: none; text-align: justify;\">\n<ul>\n<li>Servicios de pruebas en nuestro <a href=\"https:\/\/www.comefriusa.com\/es\/service\/lab-testing-2\/\">laboratorio certificado por AMCA<\/a><\/li>\n<li>Nuestros completos <a href=\"https:\/\/www.comefriusa.com\/es\/service\/fan-selection-applications\/\">software de selecci\u00f3n de ventiladores<\/a>.<\/li>\n<li><a href=\"https:\/\/www.comefriusa.com\/es\/service\/other-services\/\">Servicios de log\u00edstica<\/a> como optimizaci\u00f3n de equipamiento para camiones, codificaci\u00f3n de barra, conciliaci\u00f3n de inventario e intercambio de datos electr\u00f3nicos.<\/li>\n<\/ul>\n<\/li>\n<\/ul>\n<\/td>\n<\/tr>\n<\/tbody>\n<\/table>\n<div class=\"su-divider su-divider-style-default\" style=\"margin:15px 0;border-width:3px;border-color:#999999\"><\/div>\n<div class=\"su-note\"  style=\"border-color:#bfe3b1;border-radius:3px;-moz-border-radius:3px;-webkit-border-radius:3px;\"><div class=\"su-note-inner su-u-clearfix su-u-trim\" style=\"background-color:#d9fdcb;border-color:#ffffff;color:#244e34;border-radius:3px;-moz-border-radius:3px;-webkit-border-radius:3px;\">\n<p style=\"text-align: justify;\">Advertimos a todos nuestros asociados que el uso de la marca comercial y\/o marca Comefri se considera autorizado y licito solamente si se refiere a los productos fabricados por una de nuestras fabricas, que son exclusivamente las seguientes:<br \/>\n<strong>Comefri Italy \u2013 Comefri Gmbh \u2013 Comefri UK Ltd \u2013 Comefri France \u2013 Comefri USA \u2013 Comefri China \u2013 Comefri Fan Systemleri (Turkey)<\/strong><br \/>\nPor favor verifiquen todos los productos etiquetados \u201cComefri\u201d a su disposicion y contactenos cuando encuentren productos que no sean fabricados por una de las fabricas antes mencionadas.<\/p>\n<\/div><\/div>","protected":false},"excerpt":{"rendered":"<p>Adem\u00e1s de la confiabilidad, eficiencia y flexibilidad de nuestros productos podemos asociarnos con nuestros clientes desde el dise\u00f1o de la aplicaci\u00f3n hasta la gesti\u00f3n log\u00edstica de la entrega. Ofrecemos a nuestros clientes: Servicios de pruebas en nuestro laboratorio certificado por AMCA Nuestros completos software de selecci\u00f3n de ventiladores. Servicios de log\u00edstica como optimizaci\u00f3n de equipamiento [&hellip;]<\/p>\n","protected":false},"author":415,"featured_media":0,"parent":0,"menu_order":0,"comment_status":"closed","ping_status":"closed","template":"","meta":{"_exactmetrics_skip_tracking":false,"_exactmetrics_sitenote_active":false,"_exactmetrics_sitenote_note":"","_exactmetrics_sitenote_category":0,"footnotes":""},"class_list":["post-42","page","type-page","status-publish","hentry"],"_links":{"self":[{"href":"https:\/\/www.comefriusa.com\/es\/wp-json\/wp\/v2\/pages\/42","targetHints":{"allow":["GET"]}}],"collection":[{"href":"https:\/\/www.comefriusa.com\/es\/wp-json\/wp\/v2\/pages"}],"about":[{"href":"https:\/\/www.comefriusa.com\/es\/wp-json\/wp\/v2\/types\/page"}],"author":[{"embeddable":true,"href":"https:\/\/www.comefriusa.com\/es\/wp-json\/wp\/v2\/users\/415"}],"replies":[{"embeddable":true,"href":"https:\/\/www.comefriusa.com\/es\/wp-json\/wp\/v2\/comments?post=42"}],"version-history":[{"count":64,"href":"https:\/\/www.comefriusa.com\/es\/wp-json\/wp\/v2\/pages\/42\/revisions"}],"predecessor-version":[{"id":3671,"href":"https:\/\/www.comefriusa.com\/es\/wp-json\/wp\/v2\/pages\/42\/revisions\/3671"}],"wp:attachment":[{"href":"https:\/\/www.comefriusa.com\/es\/wp-json\/wp\/v2\/media?parent=42"}],"curies":[{"name":"wp","href":"https:\/\/api.w.org\/{rel}","templated":true}]}}