{"id":5,"date":"2011-09-02T06:16:48","date_gmt":"2011-09-02T06:16:48","guid":{"rendered":"http:\/\/www.cishosting.net\/comefri\/?page_id=5"},"modified":"2019-11-26T12:34:04","modified_gmt":"2019-11-26T17:34:04","slug":"hvac-fans","status":"publish","type":"page","link":"https:\/\/www.comefriusa.com\/es\/centrifugal_and_axial_fans-2\/hvac-fans\/","title":{"rendered":"Ventiladores est\u00e1ndar para sistemas de climatizaci\u00f3n"},"content":{"rendered":"<table style=\"width: 100%;\" border=\"0\" cellspacing=\"0\" cellpadding=\"2\">\n<tbody>\n<tr>\n<td colspan=\"6\" valign=\"bottom\" nowrap=\"nowrap\">\n<p align=\"center\"><strong> Ventiladores est\u00e1ndar para sistemas de climatizaci\u00f3n<\/strong><\/p>\n<\/td>\n<\/tr>\n<tr style=\"background-color: #ececec;\">\n<td style=\"background-color: #ffffff;\" valign=\"bottom\" nowrap=\"nowrap\"><\/td>\n<td valign=\"bottom\" nowrap=\"nowrap\"><strong><b>Modelo<\/b><\/strong><\/td>\n<td valign=\"bottom\" nowrap=\"nowrap\"><strong><b>Dise\u00f1o del Rotos<\/b><\/strong><\/td>\n<td valign=\"bottom\" nowrap=\"nowrap\"><strong><b>\u00c1labe<\/b><\/strong><\/td>\n<td valign=\"bottom\" nowrap=\"nowrap\"><strong><b>Material de Rotor<\/b><\/strong><\/td>\n<td valign=\"bottom\" nowrap=\"nowrap\"><strong><b>Conductor<\/b><\/strong><\/td>\n<\/tr>\n<tr>\n<td colspan=\"6\" valign=\"bottom\" nowrap=\"nowrap\"><\/td>\n<\/tr>\n<tr>\n<td style=\"background-color: #ececec;\" rowspan=\"5\">\n<p align=\"center\"><b>Entrada Doble<\/b><\/p>\n<\/td>\n<td style=\"border: 1px solid #cacaca;\" nowrap=\"nowrap\"><strong><a class=\"wp-colorbox-iframe\" href=\"https:\/\/www.comefriusa.com\/es\/?page_id=67&#038;content-only=1\">ATZAF FF*<\/a><\/strong><\/td>\n<td style=\"border: 1px solid #cacaca;\" nowrap=\"nowrap\">Hacia atr\u00e1s<\/td>\n<td style=\"border: 1px solid #cacaca;\" nowrap=\"nowrap\">Airfoil<\/td>\n<td style=\"border: 1px solid #cacaca;\" nowrap=\"nowrap\">Acero<\/td>\n<td style=\"border: 1px solid #cacaca;\" nowrap=\"nowrap\">Banda<\/td>\n<\/tr>\n<tr>\n<td style=\"border: 1px solid #cacaca;\" nowrap=\"nowrap\"><strong><a class=\"wp-colorbox-iframe\" href=\"https:\/\/www.comefriusa.com\/es\/?page_id=3193&#038;content-only=1\">THLZ FF*<\/a><\/strong><\/td>\n<td style=\"border: 1px solid #cacaca;\" nowrap=\"nowrap\">Hacia atr\u00e1s<\/td>\n<td style=\"border: 1px solid #cacaca;\" nowrap=\"nowrap\">Curvo<\/td>\n<td style=\"border: 1px solid #cacaca;\" nowrap=\"nowrap\">Poliamida<\/td>\n<td style=\"border: 1px solid #cacaca;\" nowrap=\"nowrap\">Banda<\/td>\n<\/tr>\n<tr>\n<td style=\"border: 1px solid #cacaca;\" nowrap=\"nowrap\"><strong><a class=\"wp-colorbox-iframe\" href=\"https:\/\/www.comefriusa.com\/es\/?page_id=350&#038;content-only=1\">ATLI*<\/a><\/strong><\/td>\n<td style=\"border: 1px solid #cacaca;\" nowrap=\"nowrap\">Hacia delante<\/td>\n<td style=\"border: 1px solid #cacaca;\" nowrap=\"nowrap\">Curvo<\/td>\n<td style=\"border: 1px solid #cacaca;\" nowrap=\"nowrap\">Acero<\/td>\n<td style=\"border: 1px solid #cacaca;\" nowrap=\"nowrap\">Banda<\/td>\n<\/tr>\n<tr>\n<td style=\"border: 1px solid #cacaca;\" nowrap=\"nowrap\"><i><a class=\"wp-colorbox-iframe\" href=\"https:\/\/www.comefriusa.com\/es\/?page_id=338&#038;content-only=1\">ATZAF**<\/a><\/i><\/td>\n<td style=\"border: 1px solid #cacaca;\" nowrap=\"nowrap\">Hacia atr\u00e1s<\/td>\n<td style=\"border: 1px solid #cacaca;\" nowrap=\"nowrap\">Airfoil<\/td>\n<td style=\"border: 1px solid #cacaca;\" nowrap=\"nowrap\">Acero<\/td>\n<td style=\"border: 1px solid #cacaca;\" nowrap=\"nowrap\">Banda<\/td>\n<\/tr>\n<tr>\n<td style=\"border: 1px solid #cacaca;\" nowrap=\"nowrap\"><i><a class=\"wp-colorbox-iframe\" href=\"https:\/\/www.comefriusa.com\/es\/?page_id=345&#038;content-only=1\">THLZ**<\/a><\/i><\/td>\n<td style=\"border: 1px solid #cacaca;\" nowrap=\"nowrap\">Hacia atr\u00e1s<\/td>\n<td style=\"border: 1px solid #cacaca;\" nowrap=\"nowrap\">Curvo<\/td>\n<td style=\"border: 1px solid #cacaca;\" nowrap=\"nowrap\">Poliamida<\/td>\n<td style=\"border: 1px solid #cacaca;\" nowrap=\"nowrap\">Banda<\/td>\n<\/tr>\n<tr>\n<td colspan=\"6\" valign=\"bottom\" nowrap=\"nowrap\" height=\"8\"><\/td>\n<\/tr>\n<tr>\n<td style=\"background-color: #ececec;\" rowspan=\"2\">\n<p align=\"center\"><b>Entrada Individual<\/b><\/p>\n<\/td>\n<td style=\"border: 1px solid #cacaca;\" nowrap=\"nowrap\"><strong><a class=\"wp-colorbox-iframe\" href=\"https:\/\/www.comefriusa.com\/es\/?page_id=355&#038;content-only=1\">THLE<\/a><\/strong><\/td>\n<td style=\"border: 1px solid #cacaca;\" nowrap=\"nowrap\">Hacia atr\u00e1s<\/td>\n<td style=\"border: 1px solid #cacaca;\" nowrap=\"nowrap\">Curvo<\/td>\n<td style=\"border: 1px solid #cacaca;\" nowrap=\"nowrap\">Poliamida o Acero<\/td>\n<td style=\"border: 1px solid #cacaca;\" nowrap=\"nowrap\">Banda o Directo<\/td>\n<\/tr>\n<tr>\n<td style=\"border: 1px solid #cacaca;\" nowrap=\"nowrap\"><strong><a class=\"wp-colorbox-iframe\" href=\"https:\/\/www.comefriusa.com\/es\/?page_id=355&#038;content-only=1\">TLE<\/a><\/strong><\/td>\n<td style=\"border: 1px solid #cacaca;\" nowrap=\"nowrap\">Hacia delante<\/td>\n<td style=\"border: 1px solid #cacaca;\" nowrap=\"nowrap\">Curvo<\/td>\n<td style=\"border: 1px solid #cacaca;\" nowrap=\"nowrap\">Acero<\/td>\n<td style=\"border: 1px solid #cacaca;\" nowrap=\"nowrap\">Banda o Directo<\/td>\n<\/tr>\n<tr>\n<td colspan=\"6\" valign=\"bottom\" nowrap=\"nowrap\" height=\"8\"><\/td>\n<\/tr>\n<tr>\n<td style=\"background-color: #ececec;\" rowspan=\"4\">\n<p align=\"center\"><b>Ventiladores Plen\u00fam<\/b><\/p>\n<\/td>\n<td style=\"border: 1px solid #cacaca;\" nowrap=\"nowrap\"><strong><a class=\"wp-colorbox-iframe\" href=\"https:\/\/www.comefriusa.com\/es\/?page_id=362&#038;content-only=1\">NAPAF \/ NAPBC<\/a><\/strong><\/td>\n<td style=\"border: 1px solid #cacaca;\" nowrap=\"nowrap\">Hacia atr\u00e1s<\/td>\n<td style=\"border: 1px solid #cacaca;\" nowrap=\"nowrap\">Airfoil o Curvo<\/td>\n<td style=\"border: 1px solid #cacaca;\" nowrap=\"nowrap\">Acero<\/td>\n<td style=\"border: 1px solid #cacaca;\" nowrap=\"nowrap\">Banda<\/td>\n<\/tr>\n<tr>\n<td style=\"border: 1px solid #cacaca;\" nowrap=\"nowrap\"><strong><a class=\"wp-colorbox-iframe\" href=\"https:\/\/www.comefriusa.com\/es\/?page_id=364&#038;content-only=1\">ANPA \/ ANPA AL<\/a><\/strong><\/td>\n<td style=\"border: 1px solid #cacaca;\" nowrap=\"nowrap\">Hacia atr\u00e1s<\/td>\n<td style=\"border: 1px solid #cacaca;\" nowrap=\"nowrap\">Airfoil<\/td>\n<td style=\"border: 1px solid #cacaca;\" nowrap=\"nowrap\">Acero o Aluminio<\/td>\n<td style=\"border: 1px solid #cacaca;\" nowrap=\"nowrap\">Directo<\/td>\n<\/tr>\n<tr>\n<td style=\"border: 1px solid #cacaca;\" nowrap=\"nowrap\"><strong><a class=\"wp-colorbox-iframe\" href=\"https:\/\/www.comefriusa.com\/es\/?page_id=366&#038;content-only=1\">ANPL \/ ANPL AL<\/a><\/strong><\/td>\n<td style=\"border: 1px solid #cacaca;\" nowrap=\"nowrap\">Hacia atr\u00e1s<\/td>\n<td style=\"border: 1px solid #cacaca;\" nowrap=\"nowrap\">Curvo<\/td>\n<td style=\"border: 1px solid #cacaca;\" nowrap=\"nowrap\">Acero o Aluminio<\/td>\n<td style=\"border: 1px solid #cacaca;\" nowrap=\"nowrap\">Directo<\/td>\n<\/tr>\n<tr>\n<td style=\"border: 1px solid #cacaca;\" nowrap=\"nowrap\"><strong><a class=\"wp-colorbox-iframe\" href=\"https:\/\/www.comefriusa.com\/es\/?page_id=368&#038;content-only=1\">ATE<\/a><\/strong><\/td>\n<td style=\"border: 1px solid #cacaca;\" nowrap=\"nowrap\">Hacia atr\u00e1s<\/td>\n<td style=\"border: 1px solid #cacaca;\" nowrap=\"nowrap\">Curvo<\/td>\n<td style=\"border: 1px solid #cacaca;\" nowrap=\"nowrap\">Poliamida<\/td>\n<td style=\"border: 1px solid #cacaca;\" nowrap=\"nowrap\">Directo<\/td>\n<\/tr>\n<tr>\n<td colspan=\"6\" valign=\"bottom\" nowrap=\"nowrap\">* Estos modelos se encuentran disponibles con configuraci\u00f3n doble.<br \/>\n** Este modelo no est\u00e1 disponible para nuevos dise\u00f1os&nbsp;<\/td>\n<\/tr>\n<\/tbody>\n<\/table>\n<p style=\"text-align: center;\"><strong>VENTILADORES ESPECIALES Y COMPLETAMENTE ENSAMBLADOS Y ACCESORIOS<\/strong><\/p>\n<p style=\"text-align: justify;\">Todos nuestros modelos se pueden <strong>personalizar<\/strong> a petici\u00f3n y pueden ser <strong>completamente emsanblados<\/strong> con el motor.<\/p>\n<p style=\"text-align: justify;\">Los<strong> accesorios<\/strong> disponibles incluyen\u00a0pies, bridas, puertas de inspecci\u00f3n, tap\u00f3n de drenaje, bancada, aisladores, rejillas, protector de carcasa, protector de banda, anti chispa, pintura especial, base giratoria del motor, anillos piezo, <strong><a class=\"wp-colorbox-iframe\" href=\"https:\/\/www.comefriusa.com\/es\/?page_id=709&#038;content-only=1\">Cometer electronico<\/a><\/strong>.<\/p>\n<div class=\"su-divider su-divider-style-default\" style=\"margin:15px 0;border-width:3px;border-color:#999999\"><\/div>\n<div class=\"su-note\"  style=\"border-color:#bfe3b1;border-radius:3px;-moz-border-radius:3px;-webkit-border-radius:3px;\"><div class=\"su-note-inner su-u-clearfix su-u-trim\" style=\"background-color:#d9fdcb;border-color:#ffffff;color:#244e34;border-radius:3px;-moz-border-radius:3px;-webkit-border-radius:3px;\">\n<p style=\"text-align: justify;\">Advertimos a todos nuestros asociados que el uso de la marca comercial y\/o marca Comefri se considera autorizado y licito solamente si se refiere a los productos fabricados por una de nuestras fabricas, que son exclusivamente las seguientes:<br \/>\n<strong>Comefri Italy \u2013 Comefri Gmbh \u2013 Comefri UK Ltd \u2013 Comefri France \u2013 Comefri USA \u2013 Comefri China \u2013 Comefri Fan Systemleri (Turkey)<\/strong><br \/>\nPor favor verifiquen todos los productos etiquetados \u201cComefri\u201d a su disposicion y contactenos cuando encuentren productos que no sean fabricados por una de las fabricas antes mencionadas.<\/p>\n<\/div><\/div>","protected":false},"excerpt":{"rendered":"<p>Ventiladores est\u00e1ndar para sistemas de climatizaci\u00f3n Modelo Dise\u00f1o del Rotos \u00c1labe Material de Rotor Conductor Entrada Doble Hacia atr\u00e1s Airfoil Acero Banda Hacia atr\u00e1s Curvo Poliamida Banda Hacia delante Curvo Acero Banda Hacia atr\u00e1s Airfoil Acero Banda Hacia atr\u00e1s Curvo Poliamida Banda Entrada Individual Hacia atr\u00e1s Curvo Poliamida o Acero Banda o Directo Hacia delante [&hellip;]<\/p>\n","protected":false},"author":415,"featured_media":0,"parent":17,"menu_order":1,"comment_status":"closed","ping_status":"closed","template":"","meta":{"_exactmetrics_skip_tracking":false,"_exactmetrics_sitenote_active":false,"_exactmetrics_sitenote_note":"","_exactmetrics_sitenote_category":0,"footnotes":""},"class_list":["post-5","page","type-page","status-publish","hentry"],"_links":{"self":[{"href":"https:\/\/www.comefriusa.com\/es\/wp-json\/wp\/v2\/pages\/5","targetHints":{"allow":["GET"]}}],"collection":[{"href":"https:\/\/www.comefriusa.com\/es\/wp-json\/wp\/v2\/pages"}],"about":[{"href":"https:\/\/www.comefriusa.com\/es\/wp-json\/wp\/v2\/types\/page"}],"author":[{"embeddable":true,"href":"https:\/\/www.comefriusa.com\/es\/wp-json\/wp\/v2\/users\/415"}],"replies":[{"embeddable":true,"href":"https:\/\/www.comefriusa.com\/es\/wp-json\/wp\/v2\/comments?post=5"}],"version-history":[{"count":136,"href":"https:\/\/www.comefriusa.com\/es\/wp-json\/wp\/v2\/pages\/5\/revisions"}],"predecessor-version":[{"id":3678,"href":"https:\/\/www.comefriusa.com\/es\/wp-json\/wp\/v2\/pages\/5\/revisions\/3678"}],"up":[{"embeddable":true,"href":"https:\/\/www.comefriusa.com\/es\/wp-json\/wp\/v2\/pages\/17"}],"wp:attachment":[{"href":"https:\/\/www.comefriusa.com\/es\/wp-json\/wp\/v2\/media?parent=5"}],"curies":[{"name":"wp","href":"https:\/\/api.w.org\/{rel}","templated":true}]}}